{"id":3245,"date":"2020-06-24T07:16:32","date_gmt":"2020-06-24T07:16:32","guid":{"rendered":"https:\/\/aslawyers.pt\/articles\/"},"modified":"2024-08-30T14:07:35","modified_gmt":"2024-08-30T14:07:35","slug":"articles","status":"publish","type":"page","link":"https:\/\/aslawyers.pt\/en\/articles\/","title":{"rendered":"Articles"},"content":{"rendered":"\t\t<div data-elementor-type=\"wp-page\" data-elementor-id=\"3245\" class=\"elementor elementor-3245 elementor-105\" data-elementor-post-type=\"page\">\n\t\t\t\t\t\t<section class=\"elementor-section elementor-top-section elementor-element elementor-element-cb73e6e elementor-section-boxed elementor-section-height-default elementor-section-height-default\" data-id=\"cb73e6e\" data-element_type=\"section\" data-settings=\"{&quot;jet_parallax_layout_list&quot;:[{&quot;jet_parallax_layout_image&quot;:{&quot;url&quot;:&quot;&quot;,&quot;id&quot;:&quot;&quot;,&quot;size&quot;:&quot;&quot;},&quot;_id&quot;:&quot;bd17729&quot;,&quot;jet_parallax_layout_speed&quot;:{&quot;unit&quot;:&quot;%&quot;,&quot;size&quot;:&quot;50&quot;,&quot;sizes&quot;:[]},&quot;jet_parallax_layout_bg_x&quot;:&quot;50&quot;,&quot;jet_parallax_layout_bg_y&quot;:&quot;50&quot;,&quot;jet_parallax_layout_image_tablet&quot;:{&quot;url&quot;:&quot;&quot;,&quot;id&quot;:&quot;&quot;,&quot;size&quot;:&quot;&quot;},&quot;jet_parallax_layout_image_mobile&quot;:{&quot;url&quot;:&quot;&quot;,&quot;id&quot;:&quot;&quot;,&quot;size&quot;:&quot;&quot;},&quot;jet_parallax_layout_type&quot;:&quot;scroll&quot;,&quot;jet_parallax_layout_direction&quot;:null,&quot;jet_parallax_layout_fx_direction&quot;:null,&quot;jet_parallax_layout_z_index&quot;:&quot;&quot;,&quot;jet_parallax_layout_bg_x_tablet&quot;:&quot;&quot;,&quot;jet_parallax_layout_bg_x_mobile&quot;:&quot;&quot;,&quot;jet_parallax_layout_bg_y_tablet&quot;:&quot;&quot;,&quot;jet_parallax_layout_bg_y_mobile&quot;:&quot;&quot;,&quot;jet_parallax_layout_bg_size&quot;:&quot;auto&quot;,&quot;jet_parallax_layout_bg_size_tablet&quot;:&quot;&quot;,&quot;jet_parallax_layout_bg_size_mobile&quot;:&quot;&quot;,&quot;jet_parallax_layout_animation_prop&quot;:&quot;transform&quot;,&quot;jet_parallax_layout_on&quot;:[&quot;desktop&quot;,&quot;tablet&quot;]}],&quot;background_background&quot;:&quot;classic&quot;}\">\n\t\t\t\t\t\t\t<div class=\"elementor-background-overlay\"><\/div>\n\t\t\t\t\t\t\t<div class=\"elementor-container elementor-column-gap-no\">\n\t\t\t\t\t<div class=\"elementor-column elementor-col-100 elementor-top-column elementor-element elementor-element-b58296d\" data-id=\"b58296d\" data-element_type=\"column\">\n\t\t\t<div class=\"elementor-widget-wrap elementor-element-populated\">\n\t\t\t\t\t\t<div class=\"elementor-element elementor-element-4c52786 elementor-widget elementor-widget-heading\" data-id=\"4c52786\" data-element_type=\"widget\" data-widget_type=\"heading.default\">\n\t\t\t\t<div class=\"elementor-widget-container\">\n\t\t\t<style>\/*! elementor - v3.20.0 - 26-03-2024 *\/\n.elementor-heading-title{padding:0;margin:0;line-height:1}.elementor-widget-heading .elementor-heading-title[class*=elementor-size-]>a{color:inherit;font-size:inherit;line-height:inherit}.elementor-widget-heading .elementor-heading-title.elementor-size-small{font-size:15px}.elementor-widget-heading .elementor-heading-title.elementor-size-medium{font-size:19px}.elementor-widget-heading .elementor-heading-title.elementor-size-large{font-size:29px}.elementor-widget-heading .elementor-heading-title.elementor-size-xl{font-size:39px}.elementor-widget-heading .elementor-heading-title.elementor-size-xxl{font-size:59px}<\/style><h1 class=\"elementor-heading-title elementor-size-default\">Articles <\/h1>\t\t<\/div>\n\t\t\t\t<\/div>\n\t\t\t\t\t<\/div>\n\t\t<\/div>\n\t\t\t\t\t<\/div>\n\t\t<\/section>\n\t\t\t\t<section class=\"elementor-section elementor-top-section elementor-element elementor-element-f0bc9b8 elementor-section-boxed elementor-section-height-default elementor-section-height-default\" data-id=\"f0bc9b8\" data-element_type=\"section\" data-settings=\"{&quot;jet_parallax_layout_list&quot;:[{&quot;jet_parallax_layout_image&quot;:{&quot;url&quot;:&quot;&quot;,&quot;id&quot;:&quot;&quot;,&quot;size&quot;:&quot;&quot;},&quot;_id&quot;:&quot;3d98b3c&quot;,&quot;jet_parallax_layout_speed&quot;:{&quot;unit&quot;:&quot;%&quot;,&quot;size&quot;:&quot;50&quot;,&quot;sizes&quot;:[]},&quot;jet_parallax_layout_bg_x&quot;:&quot;50&quot;,&quot;jet_parallax_layout_bg_y&quot;:&quot;50&quot;,&quot;jet_parallax_layout_image_tablet&quot;:{&quot;url&quot;:&quot;&quot;,&quot;id&quot;:&quot;&quot;,&quot;size&quot;:&quot;&quot;},&quot;jet_parallax_layout_image_mobile&quot;:{&quot;url&quot;:&quot;&quot;,&quot;id&quot;:&quot;&quot;,&quot;size&quot;:&quot;&quot;},&quot;jet_parallax_layout_type&quot;:&quot;scroll&quot;,&quot;jet_parallax_layout_direction&quot;:null,&quot;jet_parallax_layout_fx_direction&quot;:null,&quot;jet_parallax_layout_z_index&quot;:&quot;&quot;,&quot;jet_parallax_layout_bg_x_tablet&quot;:&quot;&quot;,&quot;jet_parallax_layout_bg_x_mobile&quot;:&quot;&quot;,&quot;jet_parallax_layout_bg_y_tablet&quot;:&quot;&quot;,&quot;jet_parallax_layout_bg_y_mobile&quot;:&quot;&quot;,&quot;jet_parallax_layout_bg_size&quot;:&quot;auto&quot;,&quot;jet_parallax_layout_bg_size_tablet&quot;:&quot;&quot;,&quot;jet_parallax_layout_bg_size_mobile&quot;:&quot;&quot;,&quot;jet_parallax_layout_animation_prop&quot;:&quot;transform&quot;,&quot;jet_parallax_layout_on&quot;:[&quot;desktop&quot;,&quot;tablet&quot;]}]}\">\n\t\t\t\t\t\t<div class=\"elementor-container elementor-column-gap-no\">\n\t\t\t\t\t<div class=\"elementor-column elementor-col-100 elementor-top-column elementor-element elementor-element-5ab43f2\" data-id=\"5ab43f2\" data-element_type=\"column\">\n\t\t\t<div class=\"elementor-widget-wrap elementor-element-populated\">\n\t\t\t\t\t\t<div class=\"elementor-element elementor-element-a55a678 elementor-widget elementor-widget-heading\" data-id=\"a55a678\" data-element_type=\"widget\" data-widget_type=\"heading.default\">\n\t\t\t\t<div class=\"elementor-widget-container\">\n\t\t\t<h2 class=\"elementor-heading-title elementor-size-default\">Our Articles <\/h2>\t\t<\/div>\n\t\t\t\t<\/div>\n\t\t\t\t<div class=\"elementor-element elementor-element-05c79ff elementor-widget elementor-widget-text-editor\" data-id=\"05c79ff\" data-element_type=\"widget\" data-widget_type=\"text-editor.default\">\n\t\t\t\t<div class=\"elementor-widget-container\">\n\t\t\t<style>\/*! elementor - v3.20.0 - 26-03-2024 *\/\n.elementor-widget-text-editor.elementor-drop-cap-view-stacked .elementor-drop-cap{background-color:#69727d;color:#fff}.elementor-widget-text-editor.elementor-drop-cap-view-framed .elementor-drop-cap{color:#69727d;border:3px solid;background-color:transparent}.elementor-widget-text-editor:not(.elementor-drop-cap-view-default) .elementor-drop-cap{margin-top:8px}.elementor-widget-text-editor:not(.elementor-drop-cap-view-default) .elementor-drop-cap-letter{width:1em;height:1em}.elementor-widget-text-editor .elementor-drop-cap{float:left;text-align:center;line-height:1;font-size:50px}.elementor-widget-text-editor .elementor-drop-cap-letter{display:inline-block}<\/style>\t\t\t\t<p><span style=\"font-weight: 400;\">Knowledge sharing is one of our priorities. Read our latest thoughts on current issues here.<\/span><\/p>\n\t\t\t\t\t\t<\/div>\n\t\t\t\t<\/div>\n\t\t\t\t\t<\/div>\n\t\t<\/div>\n\t\t\t\t\t<\/div>\n\t\t<\/section>\n\t\t\t\t<section class=\"elementor-section elementor-top-section elementor-element elementor-element-9013b46 elementor-section-full_width elementor-section-height-default elementor-section-height-default\" data-id=\"9013b46\" data-element_type=\"section\" data-settings=\"{&quot;jet_parallax_layout_list&quot;:[{&quot;jet_parallax_layout_image&quot;:{&quot;url&quot;:&quot;&quot;,&quot;id&quot;:&quot;&quot;,&quot;size&quot;:&quot;&quot;},&quot;_id&quot;:&quot;7ef725d&quot;,&quot;jet_parallax_layout_speed&quot;:{&quot;unit&quot;:&quot;%&quot;,&quot;size&quot;:&quot;50&quot;,&quot;sizes&quot;:[]},&quot;jet_parallax_layout_bg_x&quot;:&quot;50&quot;,&quot;jet_parallax_layout_bg_y&quot;:&quot;50&quot;,&quot;jet_parallax_layout_image_tablet&quot;:{&quot;url&quot;:&quot;&quot;,&quot;id&quot;:&quot;&quot;,&quot;size&quot;:&quot;&quot;},&quot;jet_parallax_layout_image_mobile&quot;:{&quot;url&quot;:&quot;&quot;,&quot;id&quot;:&quot;&quot;,&quot;size&quot;:&quot;&quot;},&quot;jet_parallax_layout_type&quot;:&quot;scroll&quot;,&quot;jet_parallax_layout_direction&quot;:null,&quot;jet_parallax_layout_fx_direction&quot;:null,&quot;jet_parallax_layout_z_index&quot;:&quot;&quot;,&quot;jet_parallax_layout_bg_x_tablet&quot;:&quot;&quot;,&quot;jet_parallax_layout_bg_x_mobile&quot;:&quot;&quot;,&quot;jet_parallax_layout_bg_y_tablet&quot;:&quot;&quot;,&quot;jet_parallax_layout_bg_y_mobile&quot;:&quot;&quot;,&quot;jet_parallax_layout_bg_size&quot;:&quot;auto&quot;,&quot;jet_parallax_layout_bg_size_tablet&quot;:&quot;&quot;,&quot;jet_parallax_layout_bg_size_mobile&quot;:&quot;&quot;,&quot;jet_parallax_layout_animation_prop&quot;:&quot;transform&quot;,&quot;jet_parallax_layout_on&quot;:[&quot;desktop&quot;,&quot;tablet&quot;]}],&quot;background_background&quot;:&quot;classic&quot;}\">\n\t\t\t\t\t\t<div class=\"elementor-container elementor-column-gap-no\">\n\t\t\t\t\t<div class=\"elementor-column elementor-col-100 elementor-top-column elementor-element elementor-element-e5d56c1\" data-id=\"e5d56c1\" data-element_type=\"column\">\n\t\t\t<div class=\"elementor-widget-wrap elementor-element-populated\">\n\t\t\t\t\t\t<div class=\"elementor-element elementor-element-3a020ba elementor-widget-mobile__width-initial elementor-widget elementor-widget-jet-posts\" data-id=\"3a020ba\" data-element_type=\"widget\" data-settings=\"{&quot;columns_mobile&quot;:&quot;1&quot;,&quot;columns&quot;:3,&quot;slides_to_scroll&quot;:&quot;1&quot;}\" data-widget_type=\"jet-posts.default\">\n\t\t\t\t<div class=\"elementor-widget-container\">\n\t\t\t<div class=\"elementor-jet-posts jet-elements\"><div class=\"jet-posts col-row \"><div class=\"jet-posts__item\">\n\t<div class=\"jet-posts__inner-box\"><div class=\"post-thumbnail\"><a href=\"https:\/\/aslawyers.pt\/en\/registration-of-trademarks-patents-and-designs\/\" class=\"post-thumbnail__link\"><img loading=\"lazy\" decoding=\"async\" class=\"post-thumbnail__img wp-post-image\" src=\"https:\/\/aslawyers.pt\/wp-content\/uploads\/2024\/08\/11.jpg\" alt=\"Registration of Trademarks, Patents and Designs\" loading=\"lazy\" width=\"2048\" height=\"1366\"><\/a><\/div><div class=\"jet-posts__inner-content\"><h4 class=\"entry-title\"><a href=\"https:\/\/aslawyers.pt\/en\/registration-of-trademarks-patents-and-designs\/\" target=\"_blank\">Registration of Trademarks, Patents and Designs<\/a><\/h4><div class=\"jet-more-wrap\"><a href=\"https:\/\/aslawyers.pt\/en\/registration-of-trademarks-patents-and-designs\/\" class=\"btn btn-primary elementor-button elementor-size-md jet-more\" target=\"_blank\"><span class=\"btn__text\">Learn More <\/span><\/a><\/div><\/div><\/div>\n<\/div>\n<div class=\"jet-posts__item\">\n\t<div class=\"jet-posts__inner-box\"><div class=\"post-thumbnail\"><a href=\"https:\/\/aslawyers.pt\/en\/bna-national-lease-counter\/\" class=\"post-thumbnail__link\"><img loading=\"lazy\" decoding=\"async\" class=\"post-thumbnail__img wp-post-image\" src=\"https:\/\/aslawyers.pt\/wp-content\/uploads\/2020\/06\/dark-silhouettes-man-woman-business-attire-standing-against-window-office-1-scaled.jpg\" alt=\"BNA | National Lease Counter\" loading=\"lazy\" width=\"2560\" height=\"1708\"><\/a><\/div><div class=\"jet-posts__inner-content\"><h4 class=\"entry-title\"><a href=\"https:\/\/aslawyers.pt\/en\/bna-national-lease-counter\/\" target=\"_blank\">BNA | National Lease Counter<\/a><\/h4><div class=\"jet-more-wrap\"><a href=\"https:\/\/aslawyers.pt\/en\/bna-national-lease-counter\/\" class=\"btn btn-primary elementor-button elementor-size-md jet-more\" target=\"_blank\"><span class=\"btn__text\">Learn More <\/span><\/a><\/div><\/div><\/div>\n<\/div>\n<div class=\"jet-posts__item\">\n\t<div class=\"jet-posts__inner-box\"><div class=\"post-thumbnail\"><a href=\"https:\/\/aslawyers.pt\/en\/electronic-presentation-nationality\/\" class=\"post-thumbnail__link\"><img loading=\"lazy\" decoding=\"async\" class=\"post-thumbnail__img wp-post-image\" src=\"https:\/\/aslawyers.pt\/wp-content\/uploads\/2020\/06\/close-up-financial-documents-table-1-scaled.jpg\" alt=\"Electronic Submission| Nationality\" loading=\"lazy\" width=\"2560\" height=\"1707\"><\/a><\/div><div class=\"jet-posts__inner-content\"><h4 class=\"entry-title\"><a href=\"https:\/\/aslawyers.pt\/en\/electronic-presentation-nationality\/\" target=\"_blank\">Electronic Submission| Nationality<\/a><\/h4><div class=\"jet-more-wrap\"><a href=\"https:\/\/aslawyers.pt\/en\/electronic-presentation-nationality\/\" class=\"btn btn-primary elementor-button elementor-size-md jet-more\" target=\"_blank\"><span class=\"btn__text\">Learn More <\/span><\/a><\/div><\/div><\/div>\n<\/div>\n<\/div>\n<\/div>\t\t<\/div>\n\t\t\t\t<\/div>\n\t\t\t\t\t<\/div>\n\t\t<\/div>\n\t\t\t\t\t<\/div>\n\t\t<\/section>\n\t\t\t\t<\/div>\n\t\t","protected":false},"excerpt":{"rendered":"<p>Articles Our Articles Knowledge sharing is one of our priorities. Read our latest thoughts on current issues here. Registo de Marcas, Patentes e Designs Learn More BNA | Balc\u00e3o Nacional do Arrendamento Learn More Apresenta\u00e7\u00e3o Eletr\u00f3nica | Nacionalidade Learn More<\/p>\n","protected":false},"author":1,"featured_media":0,"parent":0,"menu_order":0,"comment_status":"closed","ping_status":"closed","template":"full-width.php","meta":{"_acf_changed":false,"footnotes":""},"class_list":["post-3245","page","type-page","status-publish","hentry"],"acf":[],"yoast_head":"<!-- This site is optimized with the Yoast SEO plugin v22.3 - https:\/\/yoast.com\/wordpress\/plugins\/seo\/ -->\n<title>Articles - Andrade &amp; Sousa Advogados<\/title>\n<meta name=\"description\" content=\"Knowledge sharing is one of our priorities. Read our latest thoughts on current issues here.\" \/>\n<meta name=\"robots\" content=\"index, follow, max-snippet:-1, max-image-preview:large, max-video-preview:-1\" \/>\n<link rel=\"canonical\" href=\"https:\/\/aslawyers.pt\/en\/articles\/\" \/>\n<meta property=\"og:locale\" content=\"en_US\" \/>\n<meta property=\"og:type\" content=\"article\" \/>\n<meta property=\"og:title\" content=\"Articles - Andrade &amp; Sousa Advogados\" \/>\n<meta property=\"og:description\" content=\"Knowledge sharing is one of our priorities. Read our latest thoughts on current issues here.\" \/>\n<meta property=\"og:url\" content=\"https:\/\/aslawyers.pt\/en\/articles\/\" \/>\n<meta property=\"og:site_name\" content=\"AS Lawyers\" \/>\n<meta property=\"article:publisher\" content=\"https:\/\/www.facebook.com\/IndalecioSousa.CintiaAndrade\/\" \/>\n<meta property=\"article:modified_time\" content=\"2024-08-30T14:07:35+00:00\" \/>\n<meta property=\"og:image\" content=\"https:\/\/aslawyers.pt\/wp-content\/uploads\/2024\/08\/11.jpg\" \/>\n<meta name=\"twitter:card\" content=\"summary_large_image\" \/>\n<meta name=\"twitter:label1\" content=\"Est. reading time\" \/>\n\t<meta name=\"twitter:data1\" content=\"1 minute\" \/>\n<script type=\"application\/ld+json\" class=\"yoast-schema-graph\">{\"@context\":\"https:\/\/schema.org\",\"@graph\":[{\"@type\":\"WebPage\",\"@id\":\"https:\/\/aslawyers.pt\/en\/articles\/\",\"url\":\"https:\/\/aslawyers.pt\/en\/articles\/\",\"name\":\"Articles - Andrade & Sousa Advogados\",\"isPartOf\":{\"@id\":\"https:\/\/aslawyers.pt\/#website\"},\"primaryImageOfPage\":{\"@id\":\"https:\/\/aslawyers.pt\/en\/articles\/#primaryimage\"},\"image\":{\"@id\":\"https:\/\/aslawyers.pt\/en\/articles\/#primaryimage\"},\"thumbnailUrl\":\"https:\/\/aslawyers.pt\/wp-content\/uploads\/2024\/08\/11.jpg\",\"datePublished\":\"2020-06-24T07:16:32+00:00\",\"dateModified\":\"2024-08-30T14:07:35+00:00\",\"description\":\"Knowledge sharing is one of our priorities. Read our latest thoughts on current issues here.\",\"breadcrumb\":{\"@id\":\"https:\/\/aslawyers.pt\/en\/articles\/#breadcrumb\"},\"inLanguage\":\"en-US\",\"potentialAction\":[{\"@type\":\"ReadAction\",\"target\":[\"https:\/\/aslawyers.pt\/en\/articles\/\"]}]},{\"@type\":\"ImageObject\",\"inLanguage\":\"en-US\",\"@id\":\"https:\/\/aslawyers.pt\/en\/articles\/#primaryimage\",\"url\":\"https:\/\/aslawyers.pt\/wp-content\/uploads\/2024\/08\/11.jpg\",\"contentUrl\":\"https:\/\/aslawyers.pt\/wp-content\/uploads\/2024\/08\/11.jpg\",\"width\":2048,\"height\":1366},{\"@type\":\"BreadcrumbList\",\"@id\":\"https:\/\/aslawyers.pt\/en\/articles\/#breadcrumb\",\"itemListElement\":[{\"@type\":\"ListItem\",\"position\":1,\"name\":\"In\u00edcio\",\"item\":\"https:\/\/aslawyers.pt\/en\/\"},{\"@type\":\"ListItem\",\"position\":2,\"name\":\"Articles\"}]},{\"@type\":\"WebSite\",\"@id\":\"https:\/\/aslawyers.pt\/#website\",\"url\":\"https:\/\/aslawyers.pt\/\",\"name\":\"AS Lawyers\",\"description\":\"Assessoria Jur\u00eddica Full-Service\",\"publisher\":{\"@id\":\"https:\/\/aslawyers.pt\/#organization\"},\"alternateName\":\"AS Lawyers\",\"potentialAction\":[{\"@type\":\"SearchAction\",\"target\":{\"@type\":\"EntryPoint\",\"urlTemplate\":\"https:\/\/aslawyers.pt\/?s={search_term_string}\"},\"query-input\":\"required name=search_term_string\"}],\"inLanguage\":\"en-US\"},{\"@type\":\"Organization\",\"@id\":\"https:\/\/aslawyers.pt\/#organization\",\"name\":\"Assessoria Jur\u00eddica Full-Service\",\"url\":\"https:\/\/aslawyers.pt\/\",\"logo\":{\"@type\":\"ImageObject\",\"inLanguage\":\"en-US\",\"@id\":\"https:\/\/aslawyers.pt\/#\/schema\/logo\/image\/\",\"url\":\"https:\/\/aslawyers.pt\/wp-content\/uploads\/2024\/01\/logo-as.png\",\"contentUrl\":\"https:\/\/aslawyers.pt\/wp-content\/uploads\/2024\/01\/logo-as.png\",\"width\":2876,\"height\":1081,\"caption\":\"Assessoria Jur\u00eddica Full-Service\"},\"image\":{\"@id\":\"https:\/\/aslawyers.pt\/#\/schema\/logo\/image\/\"},\"sameAs\":[\"https:\/\/www.facebook.com\/IndalecioSousa.CintiaAndrade\/\",\"https:\/\/www.linkedin.com\/company\/aslawyers\/\"]}]}<\/script>\n<!-- \/ Yoast SEO plugin. -->","yoast_head_json":{"title":"Articles - Andrade & Sousa Advogados","description":"Knowledge sharing is one of our priorities. Read our latest thoughts on current issues here.","robots":{"index":"index","follow":"follow","max-snippet":"max-snippet:-1","max-image-preview":"max-image-preview:large","max-video-preview":"max-video-preview:-1"},"canonical":"https:\/\/aslawyers.pt\/en\/articles\/","og_locale":"en_US","og_type":"article","og_title":"Articles - Andrade & Sousa Advogados","og_description":"Knowledge sharing is one of our priorities. Read our latest thoughts on current issues here.","og_url":"https:\/\/aslawyers.pt\/en\/articles\/","og_site_name":"AS Lawyers","article_publisher":"https:\/\/www.facebook.com\/IndalecioSousa.CintiaAndrade\/","article_modified_time":"2024-08-30T14:07:35+00:00","og_image":[{"url":"https:\/\/aslawyers.pt\/wp-content\/uploads\/2024\/08\/11.jpg"}],"twitter_card":"summary_large_image","twitter_misc":{"Est. reading time":"1 minute"},"schema":{"@context":"https:\/\/schema.org","@graph":[{"@type":"WebPage","@id":"https:\/\/aslawyers.pt\/en\/articles\/","url":"https:\/\/aslawyers.pt\/en\/articles\/","name":"Articles - Andrade & Sousa Advogados","isPartOf":{"@id":"https:\/\/aslawyers.pt\/#website"},"primaryImageOfPage":{"@id":"https:\/\/aslawyers.pt\/en\/articles\/#primaryimage"},"image":{"@id":"https:\/\/aslawyers.pt\/en\/articles\/#primaryimage"},"thumbnailUrl":"https:\/\/aslawyers.pt\/wp-content\/uploads\/2024\/08\/11.jpg","datePublished":"2020-06-24T07:16:32+00:00","dateModified":"2024-08-30T14:07:35+00:00","description":"Knowledge sharing is one of our priorities. Read our latest thoughts on current issues here.","breadcrumb":{"@id":"https:\/\/aslawyers.pt\/en\/articles\/#breadcrumb"},"inLanguage":"en-US","potentialAction":[{"@type":"ReadAction","target":["https:\/\/aslawyers.pt\/en\/articles\/"]}]},{"@type":"ImageObject","inLanguage":"en-US","@id":"https:\/\/aslawyers.pt\/en\/articles\/#primaryimage","url":"https:\/\/aslawyers.pt\/wp-content\/uploads\/2024\/08\/11.jpg","contentUrl":"https:\/\/aslawyers.pt\/wp-content\/uploads\/2024\/08\/11.jpg","width":2048,"height":1366},{"@type":"BreadcrumbList","@id":"https:\/\/aslawyers.pt\/en\/articles\/#breadcrumb","itemListElement":[{"@type":"ListItem","position":1,"name":"In\u00edcio","item":"https:\/\/aslawyers.pt\/en\/"},{"@type":"ListItem","position":2,"name":"Articles"}]},{"@type":"WebSite","@id":"https:\/\/aslawyers.pt\/#website","url":"https:\/\/aslawyers.pt\/","name":"AS Lawyers","description":"Assessoria Jur\u00eddica Full-Service","publisher":{"@id":"https:\/\/aslawyers.pt\/#organization"},"alternateName":"AS Lawyers","potentialAction":[{"@type":"SearchAction","target":{"@type":"EntryPoint","urlTemplate":"https:\/\/aslawyers.pt\/?s={search_term_string}"},"query-input":"required name=search_term_string"}],"inLanguage":"en-US"},{"@type":"Organization","@id":"https:\/\/aslawyers.pt\/#organization","name":"Assessoria Jur\u00eddica Full-Service","url":"https:\/\/aslawyers.pt\/","logo":{"@type":"ImageObject","inLanguage":"en-US","@id":"https:\/\/aslawyers.pt\/#\/schema\/logo\/image\/","url":"https:\/\/aslawyers.pt\/wp-content\/uploads\/2024\/01\/logo-as.png","contentUrl":"https:\/\/aslawyers.pt\/wp-content\/uploads\/2024\/01\/logo-as.png","width":2876,"height":1081,"caption":"Assessoria Jur\u00eddica Full-Service"},"image":{"@id":"https:\/\/aslawyers.pt\/#\/schema\/logo\/image\/"},"sameAs":["https:\/\/www.facebook.com\/IndalecioSousa.CintiaAndrade\/","https:\/\/www.linkedin.com\/company\/aslawyers\/"]}]}},"_links":{"self":[{"href":"https:\/\/aslawyers.pt\/en\/wp-json\/wp\/v2\/pages\/3245","targetHints":{"allow":["GET"]}}],"collection":[{"href":"https:\/\/aslawyers.pt\/en\/wp-json\/wp\/v2\/pages"}],"about":[{"href":"https:\/\/aslawyers.pt\/en\/wp-json\/wp\/v2\/types\/page"}],"author":[{"embeddable":true,"href":"https:\/\/aslawyers.pt\/en\/wp-json\/wp\/v2\/users\/1"}],"replies":[{"embeddable":true,"href":"https:\/\/aslawyers.pt\/en\/wp-json\/wp\/v2\/comments?post=3245"}],"version-history":[{"count":5,"href":"https:\/\/aslawyers.pt\/en\/wp-json\/wp\/v2\/pages\/3245\/revisions"}],"predecessor-version":[{"id":3402,"href":"https:\/\/aslawyers.pt\/en\/wp-json\/wp\/v2\/pages\/3245\/revisions\/3402"}],"wp:attachment":[{"href":"https:\/\/aslawyers.pt\/en\/wp-json\/wp\/v2\/media?parent=3245"}],"curies":[{"name":"wp","href":"https:\/\/api.w.org\/{rel}","templated":true}]}}